{"id":76,"date":"2024-03-04T16:52:59","date_gmt":"2024-03-04T15:52:59","guid":{"rendered":"https:\/\/www.wikicampers.fr\/wikifest\/?post_type=product&#038;p=76"},"modified":"2024-06-03T09:17:50","modified_gmt":"2024-06-03T07:17:50","slug":"entree-wikifest","status":"publish","type":"product","link":"https:\/\/www.wikicampers.fr\/wikifest\/produit\/entree-wikifest\/","title":{"rendered":"Ticket Wikifest"},"content":{"rendered":"<p>Loin des clich\u00e9s et de l\u2019image fantasm\u00e9e et retouch\u00e9e de la vanlife qui circule sur les r\u00e9seaux sociaux, Wikicampers veut c\u00e9l\u00e9brer avec vous les joies de la VRAIE vie en van !<\/p>\n<p>&nbsp;<\/p>\n","protected":false},"excerpt":{"rendered":"<p>Loin des clich\u00e9s et de l\u2019image fantasm\u00e9e et retouch\u00e9e de la vanlife qui circule sur les r\u00e9seaux sociaux, Wikicampers veut c\u00e9l\u00e9brer avec vous les joies de la VRAIE vie en van ! &nbsp;<\/p>\n","protected":false},"featured_media":41,"template":"","meta":[],"product_cat":[24],"product_tag":[],"_links":{"self":[{"href":"https:\/\/www.wikicampers.fr\/wikifest\/wp-json\/wp\/v2\/product\/76"}],"collection":[{"href":"https:\/\/www.wikicampers.fr\/wikifest\/wp-json\/wp\/v2\/product"}],"about":[{"href":"https:\/\/www.wikicampers.fr\/wikifest\/wp-json\/wp\/v2\/types\/product"}],"wp:featuredmedia":[{"embeddable":true,"href":"https:\/\/www.wikicampers.fr\/wikifest\/wp-json\/wp\/v2\/media\/41"}],"wp:attachment":[{"href":"https:\/\/www.wikicampers.fr\/wikifest\/wp-json\/wp\/v2\/media?parent=76"}],"wp:term":[{"taxonomy":"product_cat","embeddable":true,"href":"https:\/\/www.wikicampers.fr\/wikifest\/wp-json\/wp\/v2\/product_cat?post=76"},{"taxonomy":"product_tag","embeddable":true,"href":"https:\/\/www.wikicampers.fr\/wikifest\/wp-json\/wp\/v2\/product_tag?post=76"}],"curies":[{"name":"wp","href":"https:\/\/api.w.org\/{rel}","templated":true}]}}